{"id":53,"date":"2016-02-07T10:05:39","date_gmt":"2016-02-07T10:05:39","guid":{"rendered":"https:\/\/the7.io\/marketing-agency\/?page_id=53"},"modified":"2023-08-09T08:22:22","modified_gmt":"2023-08-09T08:22:22","slug":"contacta","status":"publish","type":"page","link":"https:\/\/sacaopos.com\/?page_id=53","title":{"rendered":"Contacta"},"content":{"rendered":"<div class=\"wpb-content-wrapper\"><p>[vc_row full_width=\u00bbstretch_row\u00bb equal_height=\u00bbyes\u00bb css=\u00bb.vc_custom_1675786890512{padding-top: 70px !important;padding-bottom: 70px !important;background-color: #142338 !important;}\u00bb][vc_column][vc_row_inner equal_height=\u00bbyes\u00bb gap=\u00bb30&#8243; css=\u00bb.vc_custom_1575373349723{padding-right: 25px !important;padding-left: 25px !important;}\u00bb][vc_column_inner width=\u00bb1\/2&#8243; css=\u00bb.vc_custom_1575376164580{padding-top: 60px !important;padding-right: 10% !important;padding-bottom: 60px !important;padding-left: 10% !important;background-color: #ffffff !important;}\u00bb]<style type=\"text\/css\" data-type=\"the7_shortcodes-inline-css\">.icon-with-text-shortcode.icon-text-id-04f19152b0a153602a701fef1d5755ef .text-icon {\n  width: 48px;\n  height: 48px;\n  line-height: 48px;\n  font-size: 48px;\n  border-radius: 200px;\n  margin: 0px 0px 25px 0px;\n}\n.icon-with-text-shortcode.icon-text-id-04f19152b0a153602a701fef1d5755ef .text-icon .icon-inner {\n  min-width: 48px;\n  min-height: 48px;\n  border-radius: 200px;\n}\n@media all and (-ms-high-contrast: none) {\n  .icon-with-text-shortcode.icon-text-id-04f19152b0a153602a701fef1d5755ef .text-icon .icon-inner {\n    height: 48px;\n  }\n}\n.icon-with-text-shortcode.icon-text-id-04f19152b0a153602a701fef1d5755ef .text-icon .dt-hover-icon {\n  line-height: 48px;\n}\n.icon-with-text-shortcode.icon-text-id-04f19152b0a153602a701fef1d5755ef .text-icon:before,\n.icon-with-text-shortcode.icon-text-id-04f19152b0a153602a701fef1d5755ef .text-icon:after,\n.icon-with-text-shortcode.icon-text-id-04f19152b0a153602a701fef1d5755ef .text-icon .icon-inner:before,\n.icon-with-text-shortcode.icon-text-id-04f19152b0a153602a701fef1d5755ef .text-icon .icon-inner:after {\n  min-width: 100%;\n  min-height: 100%;\n  padding: inherit;\n  border-radius: inherit;\n}\n.icon-with-text-shortcode.icon-text-id-04f19152b0a153602a701fef1d5755ef .text-icon.dt-icon-border-on:before {\n  border-width: 2px;\n  border-style: solid;\n}\n.dt-icon-border-dashed.icon-with-text-shortcode.icon-text-id-04f19152b0a153602a701fef1d5755ef .text-icon.dt-icon-border-on:before {\n  border-style: dashed;\n}\n.dt-icon-border-dotted.icon-with-text-shortcode.icon-text-id-04f19152b0a153602a701fef1d5755ef .text-icon.dt-icon-border-on:before {\n  border-style: dotted;\n}\n.dt-icon-border-double.icon-with-text-shortcode.icon-text-id-04f19152b0a153602a701fef1d5755ef .text-icon.dt-icon-border-on:before {\n  border-style: double;\n}\n.icon-with-text-shortcode.icon-text-id-04f19152b0a153602a701fef1d5755ef .text-icon.dt-icon-border-dashed.dt-icon-border-on:before {\n  border-style: dashed;\n}\n.icon-with-text-shortcode.icon-text-id-04f19152b0a153602a701fef1d5755ef .text-icon.dt-icon-border-dotted.dt-icon-border-on:before {\n  border-style: dotted;\n}\n.icon-with-text-shortcode.icon-text-id-04f19152b0a153602a701fef1d5755ef .text-icon.dt-icon-border-double.dt-icon-border-on:before {\n  border-style: double;\n}\n.icon-with-text-shortcode.icon-text-id-04f19152b0a153602a701fef1d5755ef .text-icon.dt-icon-hover-border-on:after {\n  border-width: 2px;\n  border-style: solid;\n}\n.icon-with-text-shortcode.icon-text-id-04f19152b0a153602a701fef1d5755ef .text-icon.dt-icon-border-dashed.dt-icon-hover-border-on:after {\n  border-style: dashed;\n}\n.icon-with-text-shortcode.icon-text-id-04f19152b0a153602a701fef1d5755ef .text-icon.dt-icon-border-dotted.dt-icon-hover-border-on:after {\n  border-style: dotted;\n}\n.icon-with-text-shortcode.icon-text-id-04f19152b0a153602a701fef1d5755ef .text-icon.dt-icon-border-double.dt-icon-hover-border-on:after {\n  border-style: double;\n}\n.icon-with-text-shortcode.icon-text-id-04f19152b0a153602a701fef1d5755ef .text-icon.dt-icon-hover-on:hover {\n  font-size: 48px;\n}\n#page .icon-with-text-shortcode.icon-text-id-04f19152b0a153602a701fef1d5755ef .text-icon.dt-icon-hover-on:hover .soc-font-icon,\n#phantom .icon-with-text-shortcode.icon-text-id-04f19152b0a153602a701fef1d5755ef .text-icon.dt-icon-hover-on:hover .soc-font-icon,\n#page .icon-with-text-shortcode.icon-text-id-04f19152b0a153602a701fef1d5755ef .text-icon.dt-icon-hover-on:hover .soc-icon,\n#phantom .icon-with-text-shortcode.icon-text-id-04f19152b0a153602a701fef1d5755ef .text-icon.dt-icon-hover-on:hover .soc-icon {\n  color: #fff;\n  background: none;\n}\n.icon-with-text-shortcode.icon-text-id-04f19152b0a153602a701fef1d5755ef.layout-1 {\n  grid-template-columns: 48px minmax(0,1fr);\n  grid-column-gap: 0px;\n}\n.icon-with-text-shortcode.icon-text-id-04f19152b0a153602a701fef1d5755ef.layout-2 {\n  grid-template-columns: minmax(0,1fr) 48px;\n  grid-column-gap: 0px;\n}\n.icon-with-text-shortcode.icon-text-id-04f19152b0a153602a701fef1d5755ef.layout-2 .text-icon {\n  margin-left: 0;\n}\n.icon-with-text-shortcode.icon-text-id-04f19152b0a153602a701fef1d5755ef.layout-3 {\n  grid-template-columns: 48px minmax(0,1fr);\n}\n.icon-with-text-shortcode.icon-text-id-04f19152b0a153602a701fef1d5755ef.layout-3 .dt-text-title {\n  margin-left: 0px;\n}\n.icon-with-text-shortcode.icon-text-id-04f19152b0a153602a701fef1d5755ef .dt-text-title {\n  margin-bottom: 20px;\n}\n.icon-with-text-shortcode.icon-text-id-04f19152b0a153602a701fef1d5755ef .dt-text-desc {\n  color: #142338;\n  background: none;\n  margin-bottom: 0px;\n  font-size: 24px;\n  line-height: 34px;\n  font-weight: bold;\n}<\/style><div class=\"icon-with-text-shortcode  icon-text-id-04f19152b0a153602a701fef1d5755ef layout-5  \" ><span   class=\"text-icon dt-icon-bg-off dt-icon-hover-off\" ><span class=\"icon-inner\"><i class=\"dt-regular-icon soc-icon icomoon-the7-font-the7-phone-03\"><\/i><i class=\"dt-hover-icon soc-icon icomoon-the7-font-the7-phone-03\"><\/i><\/span><\/span><p class=\"dt-text-title\"  >LL\u00c1MAME<\/p><div class=\"dt-text-desc\">+34 699 443 644<\/div><\/div>[\/vc_column_inner][vc_column_inner width=\u00bb1\/2&#8243; css=\u00bb.vc_custom_1575376169747{padding-top: 60px !important;padding-right: 10% !important;padding-bottom: 60px !important;padding-left: 10% !important;background-color: #ffffff !important;}\u00bb]<style type=\"text\/css\" data-type=\"the7_shortcodes-inline-css\">.icon-with-text-shortcode.icon-text-id-9a4ec01fd259b7660add34e6845d218f .text-icon {\n  width: 48px;\n  height: 48px;\n  line-height: 48px;\n  font-size: 48px;\n  border-radius: 200px;\n  margin: 0px 0px 25px 0px;\n}\n.icon-with-text-shortcode.icon-text-id-9a4ec01fd259b7660add34e6845d218f .text-icon .icon-inner {\n  min-width: 48px;\n  min-height: 48px;\n  border-radius: 200px;\n}\n@media all and (-ms-high-contrast: none) {\n  .icon-with-text-shortcode.icon-text-id-9a4ec01fd259b7660add34e6845d218f .text-icon .icon-inner {\n    height: 48px;\n  }\n}\n.icon-with-text-shortcode.icon-text-id-9a4ec01fd259b7660add34e6845d218f .text-icon .dt-hover-icon {\n  line-height: 48px;\n}\n.icon-with-text-shortcode.icon-text-id-9a4ec01fd259b7660add34e6845d218f .text-icon:before,\n.icon-with-text-shortcode.icon-text-id-9a4ec01fd259b7660add34e6845d218f .text-icon:after,\n.icon-with-text-shortcode.icon-text-id-9a4ec01fd259b7660add34e6845d218f .text-icon .icon-inner:before,\n.icon-with-text-shortcode.icon-text-id-9a4ec01fd259b7660add34e6845d218f .text-icon .icon-inner:after {\n  min-width: 100%;\n  min-height: 100%;\n  padding: inherit;\n  border-radius: inherit;\n}\n.icon-with-text-shortcode.icon-text-id-9a4ec01fd259b7660add34e6845d218f .text-icon.dt-icon-border-on:before {\n  border-width: 2px;\n  border-style: solid;\n}\n.dt-icon-border-dashed.icon-with-text-shortcode.icon-text-id-9a4ec01fd259b7660add34e6845d218f .text-icon.dt-icon-border-on:before {\n  border-style: dashed;\n}\n.dt-icon-border-dotted.icon-with-text-shortcode.icon-text-id-9a4ec01fd259b7660add34e6845d218f .text-icon.dt-icon-border-on:before {\n  border-style: dotted;\n}\n.dt-icon-border-double.icon-with-text-shortcode.icon-text-id-9a4ec01fd259b7660add34e6845d218f .text-icon.dt-icon-border-on:before {\n  border-style: double;\n}\n.icon-with-text-shortcode.icon-text-id-9a4ec01fd259b7660add34e6845d218f .text-icon.dt-icon-border-dashed.dt-icon-border-on:before {\n  border-style: dashed;\n}\n.icon-with-text-shortcode.icon-text-id-9a4ec01fd259b7660add34e6845d218f .text-icon.dt-icon-border-dotted.dt-icon-border-on:before {\n  border-style: dotted;\n}\n.icon-with-text-shortcode.icon-text-id-9a4ec01fd259b7660add34e6845d218f .text-icon.dt-icon-border-double.dt-icon-border-on:before {\n  border-style: double;\n}\n.icon-with-text-shortcode.icon-text-id-9a4ec01fd259b7660add34e6845d218f .text-icon.dt-icon-hover-border-on:after {\n  border-width: 2px;\n  border-style: solid;\n}\n.icon-with-text-shortcode.icon-text-id-9a4ec01fd259b7660add34e6845d218f .text-icon.dt-icon-border-dashed.dt-icon-hover-border-on:after {\n  border-style: dashed;\n}\n.icon-with-text-shortcode.icon-text-id-9a4ec01fd259b7660add34e6845d218f .text-icon.dt-icon-border-dotted.dt-icon-hover-border-on:after {\n  border-style: dotted;\n}\n.icon-with-text-shortcode.icon-text-id-9a4ec01fd259b7660add34e6845d218f .text-icon.dt-icon-border-double.dt-icon-hover-border-on:after {\n  border-style: double;\n}\n.icon-with-text-shortcode.icon-text-id-9a4ec01fd259b7660add34e6845d218f .text-icon.dt-icon-hover-on:hover {\n  font-size: 48px;\n}\n#page .icon-with-text-shortcode.icon-text-id-9a4ec01fd259b7660add34e6845d218f .text-icon.dt-icon-hover-on:hover .soc-font-icon,\n#phantom .icon-with-text-shortcode.icon-text-id-9a4ec01fd259b7660add34e6845d218f .text-icon.dt-icon-hover-on:hover .soc-font-icon,\n#page .icon-with-text-shortcode.icon-text-id-9a4ec01fd259b7660add34e6845d218f .text-icon.dt-icon-hover-on:hover .soc-icon,\n#phantom .icon-with-text-shortcode.icon-text-id-9a4ec01fd259b7660add34e6845d218f .text-icon.dt-icon-hover-on:hover .soc-icon {\n  color: #fff;\n  background: none;\n}\n.icon-with-text-shortcode.icon-text-id-9a4ec01fd259b7660add34e6845d218f.layout-1 {\n  grid-template-columns: 48px minmax(0,1fr);\n  grid-column-gap: 0px;\n}\n.icon-with-text-shortcode.icon-text-id-9a4ec01fd259b7660add34e6845d218f.layout-2 {\n  grid-template-columns: minmax(0,1fr) 48px;\n  grid-column-gap: 0px;\n}\n.icon-with-text-shortcode.icon-text-id-9a4ec01fd259b7660add34e6845d218f.layout-2 .text-icon {\n  margin-left: 0;\n}\n.icon-with-text-shortcode.icon-text-id-9a4ec01fd259b7660add34e6845d218f.layout-3 {\n  grid-template-columns: 48px minmax(0,1fr);\n}\n.icon-with-text-shortcode.icon-text-id-9a4ec01fd259b7660add34e6845d218f.layout-3 .dt-text-title {\n  margin-left: 0px;\n}\n.icon-with-text-shortcode.icon-text-id-9a4ec01fd259b7660add34e6845d218f .dt-text-title {\n  margin-bottom: 20px;\n}\n.icon-with-text-shortcode.icon-text-id-9a4ec01fd259b7660add34e6845d218f .dt-text-desc {\n  color: #142338;\n  background: none;\n  margin-bottom: 0px;\n  font-size: 18px;\n  line-height: 28px;\n  font-weight: bold;\n}<\/style><div class=\"icon-with-text-shortcode  icon-text-id-9a4ec01fd259b7660add34e6845d218f layout-5  \" ><span   class=\"text-icon dt-icon-bg-off dt-icon-hover-off\" ><span class=\"icon-inner\"><i class=\"dt-regular-icon soc-icon icomoon-the7-font-the7-mail-03\"><\/i><i class=\"dt-hover-icon soc-icon icomoon-the7-font-the7-mail-03\"><\/i><\/span><\/span><p class=\"dt-text-title\"  >ESCR\u00cdBEME<\/p><div class=\"dt-text-desc\">info@sacaopos.com<\/div><\/div>[\/vc_column_inner][\/vc_row_inner][\/vc_column][\/vc_row][vc_row css=\u00bb.vc_custom_1575380785088{padding-top: 60px !important;padding-bottom: 80px !important;}\u00bb][vc_column width=\u00bb5\/6&#8243; offset=\u00bbvc_col-lg-offset-2 vc_col-lg-8 vc_col-md-offset-2 vc_col-md-8 vc_col-sm-offset-1 vc_col-xs-offset-1 vc_col-xs-10&#8243;]<div id=\"ultimate-heading-7669e061e219d79\" class=\"uvc-heading ult-adjust-bottom-margin ultimate-heading-7669e061e219d79 uvc-5363 \" data-hspacer=\"no_spacer\"  data-halign=\"center\" style=\"text-align:center\"><div class=\"uvc-heading-spacer no_spacer\" style=\"top\"><\/div><div class=\"uvc-main-heading ult-responsive\"  data-ultimate-target='.uvc-heading.ultimate-heading-7669e061e219d79 h2'  data-responsive-json-new='{\"font-size\":\"desktop:50px;\",\"line-height\":\"desktop:60px;\"}' ><h2 style=\"font-weight:bold;margin-bottom:10px;\">Escr\u00edbenos<\/h2><\/div><div class=\"uvc-sub-heading ult-responsive\"  data-ultimate-target='.uvc-heading.ultimate-heading-7669e061e219d79 .uvc-sub-heading '  data-responsive-json-new='{\"font-size\":\"\",\"line-height\":\"\"}'  style=\"font-weight:normal;margin-bottom:60px;\">Te responderemos lo antes posible.<\/div><\/div><div class=\"wpforms-container wpforms-container-full\" id=\"wpforms-2194\"><form id=\"wpforms-form-2194\" class=\"wpforms-validate wpforms-form wpforms-ajax-form\" data-formid=\"2194\" method=\"post\" enctype=\"multipart\/form-data\" action=\"\/index.php?rest_route=%2Fwp%2Fv2%2Fpages%2F53\" data-token=\"b84bd522f7fb21278481a33f2a1598f3\" data-token-time=\"1776312802\"><noscript class=\"wpforms-error-noscript\">Por favor, activa JavaScript en tu navegador para completar este formulario.<\/noscript><div class=\"wpforms-field-container\"><div id=\"wpforms-2194-field_1-container\" class=\"wpforms-field wpforms-field-text\" data-field-id=\"1\"><label class=\"wpforms-field-label wpforms-label-hide\" for=\"wpforms-2194-field_1\">Nombre <span class=\"wpforms-required-label\">*<\/span><\/label><input type=\"text\" id=\"wpforms-2194-field_1\" class=\"wpforms-field-large wpforms-field-required\" name=\"wpforms[fields][1]\" placeholder=\"Nombre*\" required><\/div><div id=\"wpforms-2194-field_2-container\" class=\"wpforms-field wpforms-field-email full\" data-field-id=\"2\"><label class=\"wpforms-field-label wpforms-label-hide\" for=\"wpforms-2194-field_2\">E-mail <span class=\"wpforms-required-label\">*<\/span><\/label><input type=\"email\" id=\"wpforms-2194-field_2\" class=\"wpforms-field-large wpforms-field-required\" name=\"wpforms[fields][2]\" placeholder=\"E-mail*\" spellcheck=\"false\" required><\/div><div id=\"wpforms-2194-field_3-container\" class=\"wpforms-field wpforms-field-number full\" data-field-id=\"3\"><label class=\"wpforms-field-label wpforms-label-hide\" for=\"wpforms-2194-field_3\">Tel\u00e9fono<\/label><input type=\"number\" id=\"wpforms-2194-field_3\" class=\"wpforms-field-large\" name=\"wpforms[fields][3]\" placeholder=\"Tel\u00e9fono\" step=\"any\" ><\/div><div id=\"wpforms-2194-field_4-container\" class=\"wpforms-field wpforms-field-textarea\" data-field-id=\"4\"><label class=\"wpforms-field-label wpforms-label-hide\" for=\"wpforms-2194-field_4\">Mensaje <span class=\"wpforms-required-label\">*<\/span><\/label><textarea id=\"wpforms-2194-field_4\" class=\"wpforms-field-medium wpforms-field-required\" name=\"wpforms[fields][4]\" placeholder=\"Mensaje*\" required><\/textarea><\/div><div id=\"wpforms-2194-field_5-container\" class=\"wpforms-field wpforms-field-checkbox\" data-field-id=\"5\"><label class=\"wpforms-field-label\">RGPD <span class=\"wpforms-required-label\">*<\/span><\/label><ul id=\"wpforms-2194-field_5\" class=\"wpforms-field-required\"><li class=\"choice-1 depth-1\"><input type=\"checkbox\" id=\"wpforms-2194-field_5_1\" name=\"wpforms[fields][5][]\" value=\"He le\u00eddo y acepto la pol\u00edtica de privacidad\" required ><label class=\"wpforms-field-label-inline\" for=\"wpforms-2194-field_5_1\">He le\u00eddo y acepto la pol\u00edtica de privacidad<\/label><\/li><\/ul><div class=\"wpforms-field-description\"><ul class=\"privacidade\">\n<li>Informaci\u00f3n b\u00e1sica Protecci\u00f3n de Datos Reglamento (UE) 2016\/679<\/li>\n<li><span>Responsable del tratamiento:<\/span> ANA CRISTINA JIM\u00c9NEZ DEL PINO<\/li>\n<li><span>Finalidad:<\/span>Contestar solicitudes enviadas desde la web<\/li>\n<li><span>Legitimaci\u00f3n:<\/span>Consentimiento expreso del interesado<\/li>\n<li><span>Destinatarios:<\/span>No se ceder\u00e1n datos a terceros<\/li>\n<li><span>Derechos:<\/span>Acceder, rectificar e suprimir los datos, as\u00ed como otros que se detallan en la informaci\u00f3n adicional.<\/li>\n<li><span>Informaci\u00f3n adicional:<\/span>Puede consultar a informaci\u00f3n adicional y detallada sobre protecci\u00f3n de datos, en nuestras web: <a href=\"\/politica-de-privacidad\/\" target=\"_blank\">POLITICA DE PRIVACIDAD<\/a><\/li>\n<\/ul><\/div><\/div><\/div><!-- .wpforms-field-container --><div class=\"wpforms-recaptcha-container wpforms-is-recaptcha wpforms-is-recaptcha-type-v3\" ><input type=\"hidden\" name=\"wpforms[recaptcha]\" value=\"\"><\/div><div class=\"wpforms-submit-container\" ><input type=\"hidden\" name=\"wpforms[id]\" value=\"2194\"><input type=\"hidden\" name=\"page_title\" value=\"\"><input type=\"hidden\" name=\"page_url\" value=\"https:\/\/sacaopos.com\/index.php?rest_route=\/wp\/v2\/pages\/53\"><input type=\"hidden\" name=\"url_referer\" value=\"\"><button type=\"submit\" name=\"wpforms[submit]\" id=\"wpforms-submit-2194\" class=\"wpforms-submit\" data-alt-text=\"Enviando...\" data-submit-text=\"Enviar\" aria-live=\"assertive\" value=\"wpforms-submit\">Enviar<\/button><img loading=\"lazy\" decoding=\"async\" src=\"https:\/\/sacaopos.com\/wp-content\/plugins\/wpforms-lite\/assets\/images\/submit-spin.svg\" class=\"wpforms-submit-spinner\" style=\"display: none;\" width=\"26\" height=\"26\" alt=\"Cargando\"><\/div><\/form><\/div>  <!-- .wpforms-container -->[\/vc_column][\/vc_row][vc_row full_width=\u00bbstretch_row\u00bb css=\u00bb.vc_custom_1575380952134{padding-top: 60px !important;padding-bottom: 90px !important;background-color: rgba(0,0,0,0.04) !important;*background-color: rgb(0,0,0) !important;}\u00bb][vc_column width=\u00bb5\/6&#8243; offset=\u00bbvc_col-lg-offset-2 vc_col-lg-8 vc_col-md-offset-2 vc_col-md-8 vc_col-sm-offset-1 vc_col-xs-offset-1 vc_col-xs-10&#8243;]<div id=\"ultimate-heading-915769e061e21b965\" class=\"uvc-heading ult-adjust-bottom-margin ultimate-heading-915769e061e21b965 uvc-1025 \" data-hspacer=\"no_spacer\"  data-halign=\"center\" style=\"text-align:center\"><div class=\"uvc-heading-spacer no_spacer\" style=\"top\"><\/div><div class=\"uvc-main-heading ult-responsive\"  data-ultimate-target='.uvc-heading.ultimate-heading-915769e061e21b965 h2'  data-responsive-json-new='{\"font-size\":\"desktop:50px;\",\"line-height\":\"desktop:60px;\"}' ><h2 style=\"font-weight:bold;margin-bottom:10px;\">S\u00edguenos en RRSS<\/h2><\/div><div class=\"uvc-sub-heading ult-responsive\"  data-ultimate-target='.uvc-heading.ultimate-heading-915769e061e21b965 .uvc-sub-heading '  data-responsive-json-new='{\"font-size\":\"\",\"line-height\":\"\"}'  style=\"font-weight:normal;margin-bottom:50px;\">Mira nuestros perfiles en redes<\/div><\/div><style type=\"text\/css\" data-type=\"the7_shortcodes-inline-css\">.dt-shortcode-soc-icons.soc-icons-74c410b06c4f55dbdf014c8618579962 a {\n  margin-right: 10px;\n}\n.dt-shortcode-soc-icons a.soc-icons-74c410b06c4f55dbdf014c8618579962 {\n  margin-right: 10px;\n}\n.dt-shortcode-soc-icons a.soc-icons-74c410b06c4f55dbdf014c8618579962:last-child {\n  margin-right: 0;\n}\n.dt-shortcode-soc-icons a.soc-icons-74c410b06c4f55dbdf014c8618579962:before,\n.dt-shortcode-soc-icons a.soc-icons-74c410b06c4f55dbdf014c8618579962:after {\n  padding: inherit;\n}\n.dt-shortcode-soc-icons a.soc-icons-74c410b06c4f55dbdf014c8618579962.dt-icon-border-on:before {\n  border:  solid ;\n}\n.dt-shortcode-soc-icons a.soc-icons-74c410b06c4f55dbdf014c8618579962.dt-icon-hover-border-on:after {\n  border:  solid ;\n}<\/style><div class=\"dt-shortcode-soc-icons  soc-icons-74c410b06c4f55dbdf014c8618579962 soc-icons-center \" ><style type=\"text\/css\" data-type=\"the7_shortcodes-inline-css\">.dt-shortcode-soc-icons a.single-soc-icon-757fa154f0509369f4c8b177bbb9f7b9 {\n  min-width: 60px;\n  min-height: 60px;\n  font-size: 24px;\n  border-radius: 100px;\n}\n.dt-shortcode-soc-icons a.single-soc-icon-757fa154f0509369f4c8b177bbb9f7b9:last-child {\n  margin-right: 0;\n}\n.dt-shortcode-soc-icons a.single-soc-icon-757fa154f0509369f4c8b177bbb9f7b9:before,\n.dt-shortcode-soc-icons a.single-soc-icon-757fa154f0509369f4c8b177bbb9f7b9:after {\n  min-width: 60px;\n  min-height: 60px;\n  padding: inherit;\n}\n.dt-shortcode-soc-icons a.single-soc-icon-757fa154f0509369f4c8b177bbb9f7b9.dt-icon-border-on:before {\n  border: 3px solid ;\n}\n.dt-shortcode-soc-icons a.single-soc-icon-757fa154f0509369f4c8b177bbb9f7b9.dt-icon-hover-border-on:after {\n  border: 3px solid ;\n}\n.dt-shortcode-soc-icons a.single-soc-icon-757fa154f0509369f4c8b177bbb9f7b9:hover {\n  font-size: 24px;\n}\n#page .dt-shortcode-soc-icons a.single-soc-icon-757fa154f0509369f4c8b177bbb9f7b9:hover .soc-font-icon,\n#phantom .dt-shortcode-soc-icons a.single-soc-icon-757fa154f0509369f4c8b177bbb9f7b9:hover .soc-font-icon,\n#page .dt-shortcode-soc-icons a.single-soc-icon-757fa154f0509369f4c8b177bbb9f7b9:hover .soc-icon,\n#phantom .dt-shortcode-soc-icons a.single-soc-icon-757fa154f0509369f4c8b177bbb9f7b9:hover .soc-icon {\n  color: #ffffff;\n  background: none;\n}\n.dt-shortcode-soc-icons a.single-soc-icon-757fa154f0509369f4c8b177bbb9f7b9 .soc-font-icon,\n.dt-shortcode-soc-icons a.single-soc-icon-757fa154f0509369f4c8b177bbb9f7b9 .soc-icon {\n  font-size: 24px;\n}<\/style><a title=\"Instagram Sacaopos\" href=\"https:\/\/www.instagram.com\/p\/Cd50v0WomXi\/?hl=es\" class=\"instagram single-soc-icon-757fa154f0509369f4c8b177bbb9f7b9 dt-icon-bg-off dt-icon-border-on dt-icon-hover-border-on dt-icon-hover-bg-on\" target=\"_blank\" rel=\"noopener\"><i class=\"soc-icon soc-font-icon dt-icon-instagram\"><\/i><span class=\"screen-reader-text\">Instagram Sacaopos<\/span><\/a><\/div>[\/vc_column][\/vc_row]<\/p>\n<\/div>","protected":false},"excerpt":{"rendered":"<p>[vc_row full_width=\u00bbstretch_row\u00bb equal_height=\u00bbyes\u00bb css=\u00bb.vc_custom_1675786890512{padding-top: 70px !important;padding-bottom: 70px !important;background-color: #142338 !important;}\u00bb][vc_column][vc_row_inner equal_height=\u00bbyes\u00bb gap=\u00bb30&#8243; css=\u00bb.vc_custom_1575373349723{padding-right: 25px !important;padding-left: 25px !important;}\u00bb][vc_column_inner width=\u00bb1\/2&#8243; css=\u00bb.vc_custom_1575376164580{padding-top: 60px !important;padding-right: 10% !important;padding-bottom: 60px !important;padding-left: 10% !important;background-color: #ffffff !important;}\u00bb][\/vc_column_inner][vc_column_inner width=\u00bb1\/2&#8243; css=\u00bb.vc_custom_1575376169747{padding-top: 60px !important;padding-right: 10% !important;padding-bottom: 60px !important;padding-left: 10% !important;background-color: #ffffff !important;}\u00bb][\/vc_column_inner][\/vc_row_inner][\/vc_column][\/vc_row][vc_row css=\u00bb.vc_custom_1575380785088{padding-top: 60px !important;padding-bottom: 80px !important;}\u00bb][vc_column width=\u00bb5\/6&#8243; offset=\u00bbvc_col-lg-offset-2 vc_col-lg-8 vc_col-md-offset-2 vc_col-md-8 vc_col-sm-offset-1 vc_col-xs-offset-1 vc_col-xs-10&#8243;][\/vc_column][\/vc_row][vc_row full_width=\u00bbstretch_row\u00bb&hellip;<\/p>\n","protected":false},"author":2,"featured_media":0,"parent":0,"menu_order":500,"comment_status":"closed","ping_status":"closed","template":"","meta":{"_acf_changed":false,"footnotes":""},"class_list":["post-53","page","type-page","status-publish","hentry","description-off"],"acf":[],"_links":{"self":[{"href":"https:\/\/sacaopos.com\/index.php?rest_route=\/wp\/v2\/pages\/53","targetHints":{"allow":["GET"]}}],"collection":[{"href":"https:\/\/sacaopos.com\/index.php?rest_route=\/wp\/v2\/pages"}],"about":[{"href":"https:\/\/sacaopos.com\/index.php?rest_route=\/wp\/v2\/types\/page"}],"author":[{"embeddable":true,"href":"https:\/\/sacaopos.com\/index.php?rest_route=\/wp\/v2\/users\/2"}],"replies":[{"embeddable":true,"href":"https:\/\/sacaopos.com\/index.php?rest_route=%2Fwp%2Fv2%2Fcomments&post=53"}],"version-history":[{"count":0,"href":"https:\/\/sacaopos.com\/index.php?rest_route=\/wp\/v2\/pages\/53\/revisions"}],"wp:attachment":[{"href":"https:\/\/sacaopos.com\/index.php?rest_route=%2Fwp%2Fv2%2Fmedia&parent=53"}],"curies":[{"name":"wp","href":"https:\/\/api.w.org\/{rel}","templated":true}]}}