{"id":3,"date":"2022-12-03T17:41:14","date_gmt":"2022-12-03T17:41:14","guid":{"rendered":"https:\/\/sacaopos.com\/?page_id=3"},"modified":"2024-04-18T13:11:05","modified_gmt":"2024-04-18T13:11:05","slug":"politica-de-privacidad","status":"publish","type":"page","link":"https:\/\/sacaopos.com\/?page_id=3","title":{"rendered":"Pol\u00edtica de privacidad"},"content":{"rendered":"<div class=\"wpb-content-wrapper\"><p>[vc_row][vc_column][vc_column_text css=\u00bb\u00bb]<\/p>\n<div class=\"page-title content-left disabled-bg breadcrumbs-off breadcrumbs-mobile-off breadcrumbs-bg page-title-responsive-enabled\">\n<div class=\"wf-wrap\">\n<div class=\"page-title-head hgroup\">\n<div class=\"wpb_text_column wpb_content_element \">\n<div class=\"wpb_wrapper\">\n<p><strong>Estudios Jim\u00e9nez Fuertes, <\/strong>CIF:<strong> E72896863<\/strong>\u00a0(en adelante, el propietario o\u00a0<strong>SACAOPOS<\/strong>\u00a0), se compromete al cumplimiento de su obligaci\u00f3n de secreto de los datos de car\u00e1cter personal y de su deber de tratarlos con confidencialidad, y asume, a estos efectos, las medidas de \u00edndole t\u00e9cnica, organizativa y de seguridad necesarias para evitar su alteraci\u00f3n, p\u00e9rdida, tratamiento o acceso no autorizado, de acuerdo con lo establecido en la Ley 34\/2002, de 11 de julio, de Servicios de la Sociedad de la Informaci\u00f3n y de Comercio Electr\u00f3nico, del Real Decreto-ley 13\/2012, de 30 de marzo, as\u00ed como de la obligaci\u00f3n de Informaci\u00f3n al usuario contemplada en la Ley Org\u00e1nica 3\/2018, de 5 de diciembre, de Protecci\u00f3n de Datos Personales y garant\u00eda de los derechos digitales.<\/p>\n<p>El usuario responder\u00e1, en cualquier caso, de la veracidad de los datos facilitados, reserv\u00e1ndose\u00a0<strong>SACAOPOS<\/strong>\u00a0el derecho a excluir de los servicios registrados a todo usuario que haya facilitado datos falsos, sin perjuicio de las dem\u00e1s acciones que procedan en Derecho.<\/p>\n<h3>FINALIDAD DEL TRATAMIENTO<\/h3>\n<p>Si bien el acceso a esta p\u00e1gina web no supone que el Usuario interesado est\u00e9 obligado a facilitar ning\u00fan dato personal, los datos requeridos en el formulario son obligatorios y sin ellos no es posible prestar el servicio de informaci\u00f3n solicitado.<\/p>\n<p>As\u00ed mismo, el usuario presta su consentimiento y acepta expresamente y de forma libre e inequ\u00edvoca que sus datos personales sean tratados por parte de\u00a0<strong>SACAOPOS<\/strong>\u00a0para realizar las siguientes finalidades:<br \/>\n\u2013 Remisi\u00f3n de comunicaciones comerciales publicitarias por e-mail, fax, SMS, MMS, comunidades sociales o cualesquier otro medio electr\u00f3nico o f\u00edsico, presente o futuro, que posibilite realizar comunicaciones comerciales. Dichas comunicaciones comerciales ser\u00e1n relacionadas sobre productos o servicios ofrecidos por\u00a0<strong>SACAOPOS<\/strong>, as\u00ed como por parte de los colaboradores con los que \u00e9ste hubiera alcanzado alg\u00fan acuerdo de promoci\u00f3n comercial entre sus clientes. En este caso, los terceros nunca tendr\u00e1n acceso a los datos personales. En todo caso las comunicaciones comerciales ser\u00e1n realizadas por parte del prestador y ser\u00e1n de productos y servicios relacionados con el sector del prestador.<br \/>\n\u2013 Realizar estudios estad\u00edsticos.<br \/>\n\u2013 Env\u00edo de comunicados.<br \/>\n\u2013 Tramitar Pedidos a trav\u00e9s de su tienda online o cualquier tipo de petici\u00f3n que sea realizada por el usuario a trav\u00e9s de cualquiera de las formas de contacto que se ponen a disposici\u00f3n del usuario en este sitio web.<br \/>\n\u2013 Recibir el newsletter de la p\u00e1gina web\u00a0<strong>info @ sacaopos.com<\/strong>.<\/p>\n<h3>CON QUI\u00c9N COMPARTIMOS TUS DATOS<\/h3>\n<p><strong>SACAOPOS<\/strong>\u00a0informa y garantiza expresamente a los usuarios que nunca vender\u00e1, arrendar\u00e1, compartir\u00e1 o de alguna otra manera distribuir\u00e1 o pondr\u00e1 sus datos a disposici\u00f3n de terceras personas y que siempre que fuera a realizarse alg\u00fan tipo de cesi\u00f3n de datos personales, de forma previa, se solicitar\u00eda el consentimiento expreso, informado, e inequ\u00edvoco por parte de los titulares.<\/p>\n<h3>ACEPTACI\u00d3N DE LA POL\u00cdTICA DE PRIVACIDAD<\/h3>\n<p>El Usuario reconoce y acepta haber le\u00eddo y comprendido la presente Pol\u00edtica de Privacidad cuyo contenido constituye la totalidad del acuerdo entre el Usuario y\u00a0<strong>SACAOPOS<\/strong>\u00a0con respecto al uso y tratamiento de su informaci\u00f3n personal dentro del Sitio Web.<\/p>\n<p>El Usuario expresamente acepta obligarse en los t\u00e9rminos de la presente Pol\u00edtica de Privacidad, en toda su extensi\u00f3n y alcance, sin exceptuar cualquiera de sus disposiciones.<\/p>\n<p>Adem\u00e1s de las disposiciones contenidas en la presente Pol\u00edtica de Privacidad, el Usuario se obliga a dar cumplimiento al Aviso Legal.<\/p>\n<p><strong>SACAOPOS<\/strong>\u00a0se reserva el derecho de actualizar y realizar cambios en la Pol\u00edtica de Privacidad incluso sin mediar notificaci\u00f3n previa al Usuario. Tales modificaciones deber\u00e1n hacerse efectivas en el momento de su publicaci\u00f3n en el Sitio Web, donde estar\u00e1n disponible para el Usuario en todo momento. En este sentido, recomendamos al Usuario consultar regularmente el contenido de la Pol\u00edtica de Privacidad para estar al tanto de cualquier modificaci\u00f3n que afecte al procesamiento de datos dentro del Sitio Web.<\/p>\n<h3>DERECHOS DE ACCESO, RECTIFICACI\u00d3N, OPOSICI\u00d3N Y CANCELACI\u00d3N DE LOS USUARIOS.<\/h3>\n<\/div>\n<\/div>\n<div class=\"vc_empty_space\"><\/div>\n<div class=\"vc_row wpb_row vc_inner vc_row-fluid\">\n<div class=\"wpb_column vc_column_container vc_col-sm-12\">\n<div class=\"vc_column-inner\">\n<div class=\"wpb_wrapper\">\n<div id=\"wpforms-15476\" class=\"wpforms-container wpforms-container-full\">\n<form id=\"wpforms-form-15476\" class=\"wpforms-validate wpforms-form\" action=\"\/politica-de-privacidad\/\" enctype=\"multipart\/form-data\" method=\"post\" novalidate=\"novalidate\" data-formid=\"15476\" data-token=\"1189660915390d016b3b67c374790c9b\">\n<div class=\"wpforms-head-container\">\n<div class=\"wpforms-description\">En cumplimiento de la RGPD, tienes derecho a revisar, recuperar, anonimizar y\/o borrar, total o parcialmente, los datos almacenados en el sitio web. Solo tienes que enviar un correo electr\u00f3nico a info @ sacaopos.com.com y solicitarlo. O puedes hacerlo utilIzando este formulario.<\/div>\n<\/div>\n<\/form>\n<\/div>\n<\/div>\n<\/div>\n<\/div>\n<\/div>\n<\/div>\n<\/div>\n<\/div>\n<p>[\/vc_column_text][\/vc_column][\/vc_row][vc_row][vc_column width=\u00bb1\/6&#8243;][\/vc_column][vc_column width=\u00bb2\/3&#8243;]<div class=\"wpforms-container wpforms-container-full\" id=\"wpforms-2360\"><form id=\"wpforms-form-2360\" class=\"wpforms-validate wpforms-form\" data-formid=\"2360\" method=\"post\" enctype=\"multipart\/form-data\" action=\"\/index.php?rest_route=%2Fwp%2Fv2%2Fpages%2F3\" data-token=\"66ac3fe0f0d8cbb2e2d2902f3843563f\" data-token-time=\"1776849387\"><noscript class=\"wpforms-error-noscript\">Por favor, activa JavaScript en tu navegador para completar este formulario.<\/noscript><div class=\"wpforms-field-container\"><div id=\"wpforms-2360-field_1-container\" class=\"wpforms-field wpforms-field-text full\" data-field-id=\"1\"><label class=\"wpforms-field-label wpforms-label-hide\" for=\"wpforms-2360-field_1\">NOMBRE <span class=\"wpforms-required-label\">*<\/span><\/label><input type=\"text\" id=\"wpforms-2360-field_1\" class=\"wpforms-field-large wpforms-field-required wpforms-limit-characters-enabled\" data-form-id=\"2360\" data-field-id=\"1\" data-text-limit=\"75\" name=\"wpforms[fields][1]\" placeholder=\"NOMBRE*\" maxlength=\"75\" required><\/div><div id=\"wpforms-2360-field_2-container\" class=\"wpforms-field wpforms-field-email full\" data-field-id=\"2\"><label class=\"wpforms-field-label wpforms-label-hide\" for=\"wpforms-2360-field_2\">E-MAIL <span class=\"wpforms-required-label\">*<\/span><\/label><input type=\"email\" id=\"wpforms-2360-field_2\" class=\"wpforms-field-large wpforms-field-required\" name=\"wpforms[fields][2]\" placeholder=\"E-MAIL\" spellcheck=\"false\" required><\/div><div id=\"wpforms-2360-field_8-container\" class=\"wpforms-field wpforms-field-select full selector-contacto wpforms-field-select-style-classic\" data-field-id=\"8\"><label class=\"wpforms-field-label wpforms-label-hide\" for=\"wpforms-2360-field_8\">Derechos sobre tus datos <span class=\"wpforms-required-label\">*<\/span><\/label><select id=\"wpforms-2360-field_8\" class=\"wpforms-field-large wpforms-field-required\" name=\"wpforms[fields][8]\" required=\"required\"><option value=\"\" class=\"placeholder\" disabled  selected='selected'>DERECHOS SOBRE TUS DATOS<\/option><option value=\"Deseo ELIMINAR mis datos\"  class=\"choice-1 depth-1\"  >Deseo ELIMINAR mis datos<\/option><option value=\"Deseo una COPIA de mis datos\"  class=\"choice-2 depth-1\"  >Deseo una COPIA de mis datos<\/option><option value=\"Deseo RECTIFICAR mis datos\"  class=\"choice-3 depth-1\"  >Deseo RECTIFICAR mis datos<\/option><\/select><\/div><div id=\"wpforms-2360-field_4-container\" class=\"wpforms-field wpforms-field-textarea full\" data-field-id=\"4\"><label class=\"wpforms-field-label wpforms-label-hide\" for=\"wpforms-2360-field_4\">Comentarios\/Observaciones<\/label><textarea id=\"wpforms-2360-field_4\" class=\"wpforms-field-large wpforms-limit-characters-enabled\" data-form-id=\"2360\" data-field-id=\"4\" data-text-limit=\"512\" name=\"wpforms[fields][4]\" placeholder=\"COMENTARIOS \/ OBSERVACIONES\" maxlength=\"512\" ><\/textarea><\/div><div id=\"wpforms-2360-field_6-container\" class=\"wpforms-field wpforms-field-checkbox rgpd\" data-field-id=\"6\"><label class=\"wpforms-field-label\">RGPD <span class=\"wpforms-required-label\">*<\/span><\/label><ul id=\"wpforms-2360-field_6\" class=\"wpforms-field-required\"><li class=\"choice-1 depth-1\"><input type=\"checkbox\" id=\"wpforms-2360-field_6_1\" name=\"wpforms[fields][6][]\" value=\"He le\u00eddo y acepto la pol\u00edtica de privacidad\" required ><label class=\"wpforms-field-label-inline\" for=\"wpforms-2360-field_6_1\">He le\u00eddo y acepto la pol\u00edtica de privacidad<\/label><\/li><\/ul><div class=\"wpforms-field-description\"><ul class=\"privacidade\">\r\n<li>Informaci\u00f3n b\u00e1sica Protecci\u00f3n de Datos Reglamento (UE) 2016\/679.<\/li>\r\n<li><span>Responsable del tratamiento:<\/span> ANA CRISTINA JIM\u00c9NEZ DEL PINO.<\/li>\r\n<li><span>Finalidad:<\/span> Contestar solicitudes enviadas desde la web.<\/li>\r\n<li><span>Legitimaci\u00f3n:<\/span> Consentimiento expreso del interesado.<\/li>\r\n<li><span>Destinatarios:<\/span> No se ceder\u00e1n datos a terceros.<\/li>\r\n<li><span>Derechos:<\/span> Acceder, rectificar e suprimir los datos, as\u00ed como otros que se detallan en la informaci\u00f3n adicional.<\/li>\r\n<li><span>Informaci\u00f3n adicional:<\/span> Puede consultar a informaci\u00f3n adicional y detallada sobre protecci\u00f3n de datos, en nuestras web: <a href=\"\/politica-de-privacidad\/\">POLITICA DE PRIVACIDAD<\/a>.<\/li>\r\n<\/ul><\/div><\/div><\/div><!-- .wpforms-field-container --><div class=\"wpforms-recaptcha-container wpforms-is-recaptcha wpforms-is-recaptcha-type-v3\" ><input type=\"hidden\" name=\"wpforms[recaptcha]\" value=\"\"><\/div><div class=\"wpforms-submit-container\" ><input type=\"hidden\" name=\"wpforms[id]\" value=\"2360\"><input type=\"hidden\" name=\"page_title\" value=\"\"><input type=\"hidden\" name=\"page_url\" value=\"https:\/\/sacaopos.com\/index.php?rest_route=\/wp\/v2\/pages\/3\"><input type=\"hidden\" name=\"url_referer\" value=\"\"><button type=\"submit\" name=\"wpforms[submit]\" id=\"wpforms-submit-2360\" class=\"wpforms-submit\" data-alt-text=\"Enviando...\" data-submit-text=\"Enviar\" aria-live=\"assertive\" value=\"wpforms-submit\">Enviar<\/button><\/div><\/form><\/div>  <!-- .wpforms-container -->[\/vc_column][vc_column width=\u00bb1\/6&#8243;][\/vc_column][\/vc_row]<\/p>\n<\/div>","protected":false},"excerpt":{"rendered":"<p>[vc_row][vc_column][vc_column_text css=\u00bb\u00bb] Estudios Jim\u00e9nez Fuertes, CIF: E72896863\u00a0(en adelante, el propietario o\u00a0SACAOPOS\u00a0), se compromete al cumplimiento de su obligaci\u00f3n de secreto de los datos de car\u00e1cter personal y de su deber de tratarlos con confidencialidad, y asume, a estos efectos, las medidas de \u00edndole t\u00e9cnica, organizativa y de seguridad necesarias para evitar su alteraci\u00f3n, p\u00e9rdida, tratamiento&hellip;<\/p>\n","protected":false},"author":1,"featured_media":0,"parent":0,"menu_order":1020,"comment_status":"closed","ping_status":"closed","template":"","meta":{"_acf_changed":false,"footnotes":""},"class_list":["post-3","page","type-page","status-publish","hentry","description-off"],"acf":[],"_links":{"self":[{"href":"https:\/\/sacaopos.com\/index.php?rest_route=\/wp\/v2\/pages\/3","targetHints":{"allow":["GET"]}}],"collection":[{"href":"https:\/\/sacaopos.com\/index.php?rest_route=\/wp\/v2\/pages"}],"about":[{"href":"https:\/\/sacaopos.com\/index.php?rest_route=\/wp\/v2\/types\/page"}],"author":[{"embeddable":true,"href":"https:\/\/sacaopos.com\/index.php?rest_route=\/wp\/v2\/users\/1"}],"replies":[{"embeddable":true,"href":"https:\/\/sacaopos.com\/index.php?rest_route=%2Fwp%2Fv2%2Fcomments&post=3"}],"version-history":[{"count":0,"href":"https:\/\/sacaopos.com\/index.php?rest_route=\/wp\/v2\/pages\/3\/revisions"}],"wp:attachment":[{"href":"https:\/\/sacaopos.com\/index.php?rest_route=%2Fwp%2Fv2%2Fmedia&parent=3"}],"curies":[{"name":"wp","href":"https:\/\/api.w.org\/{rel}","templated":true}]}}