{"id":2034,"date":"2023-02-06T11:31:35","date_gmt":"2023-02-06T11:31:35","guid":{"rendered":"https:\/\/sacaopos.com\/?page_id=2034"},"modified":"2024-04-18T13:14:57","modified_gmt":"2024-04-18T13:14:57","slug":"politica-de-cookies","status":"publish","type":"page","link":"https:\/\/sacaopos.com\/?page_id=2034","title":{"rendered":"Pol\u00edtica de cookies"},"content":{"rendered":"<div class=\"wpb-content-wrapper\"><p>[vc_row][vc_column][vc_column_text css=\u00bb\u00bb]<\/p>\n<div class=\"page-title content-left disabled-bg breadcrumbs-off breadcrumbs-mobile-off breadcrumbs-bg page-title-responsive-enabled\">\n<div class=\"wf-wrap\">\n<div class=\"page-title-head hgroup\">\n<div class=\"wpb_text_column wpb_content_element \">\n<div class=\"wpb_wrapper\">\n<p>Esta Pol\u00edtica de Cookies es complemento de la Pol\u00edtica de Privacidad del sitio web\u00a0<strong>sacaopos.com<\/strong>) titularidad de <strong>Estudios Jim\u00e9nez Fuertes,<\/strong> con CIF: <strong>B72896863<\/strong><strong>\u00a0(en adelante, el propietario o SACAOPOS)<br \/>\nEl acceso y la navegaci\u00f3n por el Sitio Web, o el uso de los servicios del mismo, implican la aceptaci\u00f3n de lo establecido en Aviso Legal del Sitio Web y de su Pol\u00edtica de Privacidad.<\/strong><\/p>\n<p>Con el fin de facilitar la navegaci\u00f3n por el Sitio Web,\u00a0<strong>SACAOPOS<\/strong>, con domicilio fiscal en la <strong>R\u00faa do Profesor Hermida, 14 Portal 6 &#8211; 2\u00ba S \u2013 <\/strong><strong>36960 Sanxenxo \u2013 <\/strong><strong>Pontevedra<\/strong>, le comunica que utiliza cookies u otros archivos de funcionalidad similar (en adelante, las \u201cCookies\u201d).<\/p>\n<p><strong>\u00bfQu\u00e9 es una Cookie?<\/strong><\/p>\n<p>Las Cookies son archivos que contienen peque\u00f1as cantidades de informaci\u00f3n que se descargan en el dispositivo del usuario cuando visita una p\u00e1gina web. Su finalidad principal es reconocer al usuario cada vez que accede al Sitio Web permitiendo, adem\u00e1s, mejorar la calidad y ofrecer un mejor uso de Sitio Web.<\/p>\n<p>Las Cookies son esenciales para el funcionamiento de Internet, ya que ayudan, entre otras funciones, a identificar y resolver posibles errores de funcionamiento del Sitio Web.<\/p>\n<p><strong>Uso de Cookies por parte de SACAOPOS<\/strong><\/p>\n<p>El acceso al Sitio Web supone la aceptaci\u00f3n expresa de la utilizaci\u00f3n de las Cookies detalladas en la presente Pol\u00edtica en aquellos dispositivos utilizados para realizar dicho acceso. Si se desactivan las Cookies, puede que el uso del Sitio Web no sea \u00f3ptimo y algunas de las utilidades de que dispone el Sitio Web no funcionen correctamente.<\/p>\n<p>Concretamente,\u00a0<strong>SACAOPOS<\/strong>\u00a0est\u00e1 utilizando las Cookies para la identificaci\u00f3n de aquellos usuarios que aceptan el uso de cookies por parte del Sitio Web y permitir la instalaci\u00f3n de las mimas, permitir el log-in de los usuarios en aquellos casos en los que \u00e9ste sea necesario para acceder a determinadas secciones de Sitio Web, as\u00ed como recordar los datos de log-in de dichos usuarios en futuras visitas y poder ofrecer as\u00ed una experiencia de navegaci\u00f3n m\u00e1s c\u00f3moda, as\u00ed como evaluar el uso del Sitio Web y la actividad del mismo.<\/p>\n<p>Asimismo, las Cookies ayudan protegen a los usuarios de posibles ataques que puedan recibir de terceros.<\/p>\n<p><strong>Cookies propias<\/strong><\/p>\n<p>Cookies t\u00e9cnicas y de personalizaci\u00f3n:<\/p>\n<p>Estas Cookies facilitan el acceso y navegaci\u00f3n del usuario por el Sitio Web en cada una de sus visitas al mismo y la utilizaci\u00f3n de las diferentes opciones o servicios que existen como, por ejemplo, el idioma predeterminado que el usuario utiliza en el Sitio Web.<\/p>\n<table class=\"cookies\">\n<caption>Listado de Cookies que utilizamos<\/caption>\n<thead>\n<tr>\n<td>Nombre de la cookie<\/td>\n<td>Url del que se descarga<\/td>\n<td>Finalidad de la cookie<\/td>\n<td>Duraci\u00f3n<\/td>\n<\/tr>\n<\/thead>\n<tbody>\n<tr>\n<td>Google Analytics<\/td>\n<td>www.google-analytics.com%2Fanalytics.js&amp;v=2&amp;t=script<\/td>\n<td>Nos permiten obtener la informaci\u00f3n sobre c\u00f3mo los usuarios interact\u00faan con el contenido de nuestra p\u00e1gina web Las cookies de Google Analytics recopilan la informaci\u00f3n de forma an\u00f3nima.<\/td>\n<td>2 a\u00f1os<\/td>\n<\/tr>\n<\/tbody>\n<\/table>\n<p><strong>Configuraci\u00f3n del usuario para evitar Cookies<\/strong><\/p>\n<p>En cumplimiento de la normativa legal vigente, ponemos a su disposici\u00f3n la informaci\u00f3n que le permita configurar su navegador\/navegadores de Internet para mantener su privacidad y seguridad en relaci\u00f3n con las Cookies. Por ello, le facilitamos la informaci\u00f3n y enlaces a los sitios de soporte oficiales de los principales navegadores para que pueda decidir si desea o no aceptar el uso de Cookies.<\/p>\n<p>As\u00ed, puede bloquear las Cookies a trav\u00e9s de las herramientas de configuraci\u00f3n del navegador, o bien, puede configurar su navegador para que le avise cuando un servidor quiera guardar una Cookie:<\/p>\n<p>Internet Explorer: Herramientas \u2013 Opciones de Internet \u2013 Privacidad \u2013 Configuraci\u00f3n;<br \/>\nFirefox: Herramientas \u2013 Opciones \u2013 Privacidad \u2013 Historial \u2013 Configuraci\u00f3n Personalizada;<br \/>\nChrome: Configuraci\u00f3n \u2013 Mostrar opciones avanzadas \u2013 Privacidad \u2013 Configuraci\u00f3n de contenido;<br \/>\nSafari: Preferencias \u2013 Seguridad.<br \/>\nEn caso de que el usuario decida desactivar todas las Cookies, la calidad y rapidez del servicio podr\u00eda disminuir. Puede encontrar m\u00e1s informaci\u00f3n sobre cookies en: www.allaboutcookies.org<\/p>\n<p>Si tiene dudas sobre esta pol\u00edtica de cookies, puede contactar con\u00a0<strong>SACAOPOS<\/strong>\u00a0en\u00a0<strong>info @ sacaopos.com<\/strong>.<\/p>\n<\/div>\n<\/div>\n<\/div>\n<\/div>\n<\/div>\n<p>[\/vc_column_text][\/vc_column][\/vc_row]<\/p>\n<\/div>","protected":false},"excerpt":{"rendered":"<p>[vc_row][vc_column][vc_column_text css=\u00bb\u00bb] Esta Pol\u00edtica de Cookies es complemento de la Pol\u00edtica de Privacidad del sitio web\u00a0sacaopos.com) titularidad de Estudios Jim\u00e9nez Fuertes, con CIF: B72896863\u00a0(en adelante, el propietario o SACAOPOS) El acceso y la navegaci\u00f3n por el Sitio Web, o el uso de los servicios del mismo, implican la aceptaci\u00f3n de lo establecido en Aviso Legal&hellip;<\/p>\n","protected":false},"author":2,"featured_media":0,"parent":0,"menu_order":1030,"comment_status":"closed","ping_status":"closed","template":"","meta":{"_acf_changed":false,"footnotes":""},"class_list":["post-2034","page","type-page","status-publish","hentry","description-off"],"acf":[],"_links":{"self":[{"href":"https:\/\/sacaopos.com\/index.php?rest_route=\/wp\/v2\/pages\/2034","targetHints":{"allow":["GET"]}}],"collection":[{"href":"https:\/\/sacaopos.com\/index.php?rest_route=\/wp\/v2\/pages"}],"about":[{"href":"https:\/\/sacaopos.com\/index.php?rest_route=\/wp\/v2\/types\/page"}],"author":[{"embeddable":true,"href":"https:\/\/sacaopos.com\/index.php?rest_route=\/wp\/v2\/users\/2"}],"replies":[{"embeddable":true,"href":"https:\/\/sacaopos.com\/index.php?rest_route=%2Fwp%2Fv2%2Fcomments&post=2034"}],"version-history":[{"count":0,"href":"https:\/\/sacaopos.com\/index.php?rest_route=\/wp\/v2\/pages\/2034\/revisions"}],"wp:attachment":[{"href":"https:\/\/sacaopos.com\/index.php?rest_route=%2Fwp%2Fv2%2Fmedia&parent=2034"}],"curies":[{"name":"wp","href":"https:\/\/api.w.org\/{rel}","templated":true}]}}