{"id":2032,"date":"2023-02-06T11:31:18","date_gmt":"2023-02-06T11:31:18","guid":{"rendered":"https:\/\/sacaopos.com\/?page_id=2032"},"modified":"2024-04-18T13:08:56","modified_gmt":"2024-04-18T13:08:56","slug":"aviso-legal","status":"publish","type":"page","link":"https:\/\/sacaopos.com\/?page_id=2032","title":{"rendered":"Aviso Legal"},"content":{"rendered":"<div class=\"wpb-content-wrapper\"><p>[vc_row][vc_column][vc_column_text css=\u00bb\u00bb]<\/p>\n<div class=\"page-title content-left disabled-bg breadcrumbs-off breadcrumbs-mobile-off breadcrumbs-bg page-title-responsive-enabled\">\n<div class=\"wf-wrap\">\n<div class=\"page-title-head hgroup\">\n<div class=\"wpb_text_column wpb_content_element \">\n<div class=\"wpb_wrapper\">\n<p>Condiciones generales de uso del sitio web\u00a0<strong>sacaopos.com<\/strong><\/p>\n<p>El acceso, navegaci\u00f3n y utilizaci\u00f3n de la p\u00e1gina web\u00a0<strong>sacaopos.com<\/strong>\u00a0(en adelante, el \u201cSitio Web\u201d) implica la aceptaci\u00f3n expresa y sin reservas de todos los t\u00e9rminos del presente Aviso Legal. Su observancia y cumplimiento ser\u00e1 exigible respecto de cualquier persona que acceda, navegue o utilice el Sitio Web.<\/p>\n<p><strong>IDENTIFICACI\u00d3N<\/strong><br \/>\nTitular: <strong>Estudios Jim\u00e9nez Fuertes <\/strong>(en adelante, el propietario o\u00a0<strong>SACAOPOS<\/strong>) con CIF: <strong>E72896863,<\/strong> inscrita en el Registro Mercantil de PONTEVEDRA, Tomo 4383, Libro 4383, Folio 23, Hoja PO-69110, Inscripci\u00f3n 2<br \/>\nDomicilio fiscal:\u00a0<strong>R\u00faa do Profesor Hermida, 14 Portal 6 &#8211; 2\u00ba S \u2013 <\/strong><strong>36960 Sanxenxo \u2013 <\/strong><strong>Pontevedra<\/strong><br \/>\nE-mail:\u00a0<strong>info @ sacaopos.com<\/strong><\/p>\n<p><strong>OBJETO<\/strong><br \/>\nEl presente Aviso Legal regula el acceso, navegaci\u00f3n y utilizaci\u00f3n del Sitio. No obstante, el acceso a determinados contenidos y la utilizaci\u00f3n de determinados servicios puede encontrarse sometido a determinadas condiciones particulares, que ser\u00e1n en todo caso claramente mostradas y deber\u00e1n ser aceptadas expresamente por parte de los Usuarios. Estas condiciones particulares podr\u00e1n sustituir, completar o, en su caso, modificar las establecidas en el presente Aviso Legal.<\/p>\n<p>A los efectos de la interpretaci\u00f3n del presente Aviso Legal, se entiende que una persona pasa a ser usuaria (en adelante, \u201cUsuario\u201d o \u201cUsuarios\u201d) en el momento en que \u00e9sta acepta el presente Aviso Legal.<\/p>\n<p><strong>ACCESO Y REGISTRO<\/strong><br \/>\nEl acceso y uso del Sitio Web no requiere registro. No obstante, el acceso y navegaci\u00f3n por el Sitio Web suponen que el Usuario del mismo acepta en su totalidad y se obliga a cumplir por completo el presente Aviso Legal, as\u00ed como las instrucciones o recomendaciones que se le indiquen en cada caso concreto a trav\u00e9s del Sitio Web. En todo caso, queda prohibido el acceso y navegaci\u00f3n en el Sitio Web por parte de los menores de catorce a\u00f1os. En todo caso, se presumir\u00e1 que el acceso realizado por un menor al Sitio Web se ha realizado con autorizaci\u00f3n previa y expresa de sus padres, tutores o representantes legales.<\/p>\n<p><strong>DERECHOS DE PROPIEDAD INTELECTUAL E INDUSTRIAL<\/strong><br \/>\nEsta p\u00e1gina web y los contenidos que alberga, tales como im\u00e1genes, software, productos y servicios se encuentran protegidos por las leyes de propiedad intelectual. No podr\u00e1n ser objeto de explotaci\u00f3n, reproducci\u00f3n, distribuci\u00f3n, modificaci\u00f3n, comunicaci\u00f3n p\u00fablica, cesi\u00f3n o transformaci\u00f3n sin la autorizaci\u00f3n de su titular.<\/p>\n<p>El nombre comercial, los logos, las marcas y dem\u00e1s categor\u00edas de propiedad industrial que aparecen en esta p\u00e1gina web son titularidad de\u00a0<strong>SACAOPOS<\/strong>\u00a0y objeto de protecci\u00f3n por las leyes auton\u00f3micas, estatales, europeas e internacionales relativas a la propiedad industrial.<\/p>\n<p>El acceso a esta p\u00e1gina web no otorga a los usuarios derecho, ni titularidad alguna sobre los derechos de propiedad intelectual ni industrial de los contenidos que alberga esta p\u00e1gina web.<\/p>\n<p><strong>SACAOPOS<\/strong>\u00a0se reserva la posibilidad de ejercer las acciones judiciales que correspondan contra los usuarios que violen o infrinjan los derechos de propiedad intelectual e industrial.<\/p>\n<p><strong>ENLACES<\/strong><br \/>\nEn el caso de que en la p\u00e1gina web se dispusiesen enlaces o hiperv\u00ednculos hac\u00eda otros sitios de Internet, estos son a mero t\u00edtulo informativo.<\/p>\n<p><strong>MODIFICACIONES<\/strong><br \/>\n<strong>SACAOPOS<\/strong>\u00a0se reserva el derecho de efectuar sin previo aviso las modificaciones que considere oportunas en la p\u00e1gina web, pudiendo cambiar, suprimir o a\u00f1adir tanto los contenidos y servicios que se presten a trav\u00e9s de la misma como la forma en la que \u00e9stos aparezcan presentados o localizados en su p\u00e1gina web.<\/p>\n<p><strong>MODIFICACI\u00d3N DE LAS CONDICIONES Y DURACI\u00d3N<\/strong><br \/>\n<strong>SACAOPOS<\/strong>\u00a0podr\u00e1 modificar en cualquier momento las condiciones aqu\u00ed determinadas, siendo debidamente publicadas como aqu\u00ed aparecen. La vigencia de las citadas condiciones ir\u00e1 en funci\u00f3n de su exposici\u00f3n y estar\u00e1n vigentes hasta que sean modificadas por otras debidamente publicadas.<\/p>\n<p><strong>USO DEL SERVICIO Y RESPONSABILIDADES<\/strong><br \/>\nLas condiciones de acceso y uso de la presente web se rigen estrictamente por la legalidad vigente y por el principio de buena fe comprometi\u00e9ndose el Usuario a realizar un buen uso de la web y de los servicios que se ofrecen.<\/p>\n<p>Quedan prohibidos todos los actos que vulneren la legalidad, derechos o intereses de terceros, prohibi\u00e9ndose expresamente:<br \/>\n\u2013 Realizar actuaciones que puedan producir en la web o a trav\u00e9s de la misma y por cualquier medio alg\u00fan tipo de da\u00f1o a los sistemas de<strong>\u00a0sacaopos.com<\/strong>\u00a0o a terceros.<br \/>\n\u2013 Realizar publicidad o informaci\u00f3n comercial directamente o de forma encubierta spaming (env\u00edo de correos masivos) o el env\u00edo de grandes mensajes con el fin de bloquear los servidores de la red (mail bombing).<br \/>\n<strong>SACAOPOS<\/strong>\u00a0no asumir\u00e1 ninguna responsabilidad derivada del uso incorrecto, inapropiado o il\u00edcito de la informaci\u00f3n aparecida en el Sitio Web.<br \/>\n<strong>SACAOPOS<\/strong>\u00a0declina toda responsabilidad en caso de que el acceso o las visitas a su web se vieran imposibilitadas o dificultadas debido a una interrupci\u00f3n o defectuosa prestaci\u00f3n del suministro el\u00e9ctrico, telef\u00f3nico o de otros proveedores de telecomunicaciones ajenos a el Sitio Web, o en el caso de producirse conflictos sociales u otros supuestos de fuerza mayor, o cualquier actuaci\u00f3n de un tercero, incluidos los requerimientos u \u00f3rdenes administrativas o judiciales, sabotajes o saturaciones, intencionadas o no.<\/p>\n<p>Se declina igualmente toda responsabilidad derivada de los da\u00f1os y perjuicios que pudiera sufrir el visitante en sus medios inform\u00e1ticos o telem\u00e1ticos a consecuencia de la producci\u00f3n de cualquiera de las circunstancias anteriormente expuestas.<\/p>\n<p><strong>PROTECCI\u00d3N DE DATOS Y USO DE COOKIES<\/strong><br \/>\nVer\u00a0<a href=\"\/politica-de-privacidad\/\">Pol\u00edtica de privacidad<\/a>\u00a0y\u00a0<a href=\"\/politica-de-cookies\/\">Pol\u00edtica de Cookies<\/a><\/p>\n<p><strong>LEGISLACI\u00d3N APLICABLE Y JURISDICCI\u00d3N COMPETENTE<\/strong><br \/>\nEste Sitio Web se rige por la legislaci\u00f3n vigente en Espa\u00f1a. Para toda controversia que pudiera surgir en la interpretaci\u00f3n y aplicaci\u00f3n del presente Aviso Legal, y en la medida de lo permitido por la legislaci\u00f3n vigente, tanto el Titular como los Usuarios, se someten expresamente a la jurisdicci\u00f3n de los Juzgados y Tribunales de Ourense, con renuncia a su fuero propio si lo hubiere.<\/p>\n<\/div>\n<\/div>\n<\/div>\n<\/div>\n<\/div>\n<p>[\/vc_column_text][\/vc_column][\/vc_row]<\/p>\n<\/div>","protected":false},"excerpt":{"rendered":"<p>[vc_row][vc_column][vc_column_text css=\u00bb\u00bb] Condiciones generales de uso del sitio web\u00a0sacaopos.com El acceso, navegaci\u00f3n y utilizaci\u00f3n de la p\u00e1gina web\u00a0sacaopos.com\u00a0(en adelante, el \u201cSitio Web\u201d) implica la aceptaci\u00f3n expresa y sin reservas de todos los t\u00e9rminos del presente Aviso Legal. Su observancia y cumplimiento ser\u00e1 exigible respecto de cualquier persona que acceda, navegue o utilice el Sitio Web.&hellip;<\/p>\n","protected":false},"author":2,"featured_media":0,"parent":0,"menu_order":1010,"comment_status":"closed","ping_status":"closed","template":"","meta":{"_acf_changed":false,"footnotes":""},"class_list":["post-2032","page","type-page","status-publish","hentry","description-off"],"acf":[],"_links":{"self":[{"href":"https:\/\/sacaopos.com\/index.php?rest_route=\/wp\/v2\/pages\/2032","targetHints":{"allow":["GET"]}}],"collection":[{"href":"https:\/\/sacaopos.com\/index.php?rest_route=\/wp\/v2\/pages"}],"about":[{"href":"https:\/\/sacaopos.com\/index.php?rest_route=\/wp\/v2\/types\/page"}],"author":[{"embeddable":true,"href":"https:\/\/sacaopos.com\/index.php?rest_route=\/wp\/v2\/users\/2"}],"replies":[{"embeddable":true,"href":"https:\/\/sacaopos.com\/index.php?rest_route=%2Fwp%2Fv2%2Fcomments&post=2032"}],"version-history":[{"count":0,"href":"https:\/\/sacaopos.com\/index.php?rest_route=\/wp\/v2\/pages\/2032\/revisions"}],"wp:attachment":[{"href":"https:\/\/sacaopos.com\/index.php?rest_route=%2Fwp%2Fv2%2Fmedia&parent=2032"}],"curies":[{"name":"wp","href":"https:\/\/api.w.org\/{rel}","templated":true}]}}